{"id":2239,"date":"2024-10-15T09:08:48","date_gmt":"2024-10-15T12:08:48","guid":{"rendered":"https:\/\/surpasstravel.cl\/surpass\/?post_type=product&#038;p=2239"},"modified":"2026-04-29T16:15:55","modified_gmt":"2026-04-29T19:15:55","slug":"tour-mil-paisajes","status":"publish","type":"product","link":"https:\/\/surpasstravel.cl\/surpass\/producto\/tour-mil-paisajes\/","title":{"rendered":"TOUR FULL DAY &#8211; MIL PAISAJES"},"content":{"rendered":"\t\t<div data-elementor-type=\"product-post\" data-elementor-id=\"2239\" class=\"elementor elementor-2239\" data-elementor-post-type=\"product\">\n\t\t\t\t\t\t<section class=\"elementor-section elementor-top-section elementor-element elementor-element-362819d3 elementor-section-boxed elementor-section-height-default elementor-section-height-default\" data-id=\"362819d3\" data-element_type=\"section\" data-settings=\"{&quot;jet_parallax_layout_list&quot;:[]}\">\n\t\t\t\t\t\t<div class=\"elementor-container elementor-column-gap-default\">\n\t\t\t\t\t<div class=\"elementor-column elementor-col-100 elementor-top-column elementor-element elementor-element-751d7f19\" data-id=\"751d7f19\" data-element_type=\"column\">\n\t\t\t<div class=\"elementor-widget-wrap elementor-element-populated\">\n\t\t\t\t\t\t<div class=\"elementor-element elementor-element-6b0e49d8 elementor-widget elementor-widget-text-editor\" data-id=\"6b0e49d8\" data-element_type=\"widget\" data-widget_type=\"text-editor.default\">\n\t\t\t\t<div class=\"elementor-widget-container\">\n\t\t\t\t\t\t\t\t\t<p><strong>\ud83c\udf04 Mil Paisajes \u2013 Ruta Esc\u00e9nica de Chilo\u00e9<\/strong><\/p><p><strong>Descubre la esencia de Chilo\u00e9 en un d\u00eda: naturaleza, cultura y paisajes \u00fanicos<\/strong><\/p><p><strong>\u2e3b<\/strong><\/p><p><strong>\ud83d\udccd DESTACADOS DEL TOUR:<\/strong><\/p><p><strong>\u2022\u2060 \u2060Cascadas de Tocoihue \ud83c\udf0a<\/strong><br \/><strong>\u2022\u2060 \u2060Isla Aucar (pasarela sobre el mar)<\/strong><br \/><strong>\u2022\u2060 \u2060Tena\u00fan (iglesia patrimonial)<\/strong><br \/><strong>\u2022\u2060 \u2060Quemchi (Museo y cultura local)<\/strong><br \/><strong>\u2022\u2060 \u2060Dalcahue (feria artesanal + tiempo libre)<\/strong><\/p><p><strong>\u2e3b<\/strong><\/p><p><strong>\u2728 INCLUYE:<\/strong><\/p><p><strong>\u2714 Transporte durante todo el recorrido<\/strong><br \/><strong>\u2714 Gu\u00eda <\/strong><br \/><strong>\u2714 Fotograf\u00edas<\/strong><br \/><strong>\u2714 Entrada a Cascadas de Tocoihue <\/strong><br \/><strong>\u2e3b<\/strong><\/p><p><strong>\u23f0 HORARIO:<\/strong><\/p><p><strong>\ud83d\udd59 10:00 a 17:30 hrs<\/strong><br \/><strong>\ud83d\udccd Salida desde Castro<\/strong><\/p><p><strong>\u2e3b<\/strong><\/p><p><strong>\u26a0\ufe0f IMPORTANTE:<\/strong><\/p><p><strong>Tiempo libre para almorzar en Dalcahue (opciones desde $8.000 aprox.<\/strong><\/p><p><em><strong>Antes de realizar la compra en nuestra p\u00e1gina web, te pedimos por favor confirmar disponibilidad directamente a nuestro WhatsApp \ud83d\udcf2. De esta manera podemos asegurarte el servicio en la fecha y horario que necesitas.<\/strong><\/em><\/p><p><em><strong>\u00a1Te esperamos para coordinar tu experiencia en Chilo\u00e9! \ud83c\udf3f\ud83d\ude90<\/strong><\/em><\/p>\t\t\t\t\t\t\t\t<\/div>\n\t\t\t\t<\/div>\n\t\t\t\t\t<\/div>\n\t\t<\/div>\n\t\t\t\t\t<\/div>\n\t\t<\/section>\n\t\t\t\t<\/div>\n\t\t","protected":false},"excerpt":{"rendered":"<p style=\"text-align: center;\">Es una experiencia visual extraordinaria que te transporta a trav\u00e9s de paisajes impresionantes y arquitectura singular.<\/p>\n<p style=\"text-align: center;\"><strong>\u00a1CONSULTA DISPONIBILIDAD DE FECHAS\u00a0 ANTES DEL PAGO!<\/strong><\/p>\n","protected":false},"featured_media":4520,"template":"","meta":[],"product_brand":[],"product_cat":[15,49],"product_tag":[57,58,50,56],"class_list":{"0":"post-2239","1":"product","2":"type-product","3":"status-publish","4":"has-post-thumbnail","6":"product_cat-tourturismo","7":"product_cat-vive-chiloe-tours-y-experiencias","8":"product_tag-mil-paisajes","9":"product_tag-paisajes","10":"product_tag-tour","11":"product_tag-viaje","13":"first","14":"instock","15":"sale","16":"featured","17":"shipping-taxable","18":"purchasable","19":"product-type-simple"},"_links":{"self":[{"href":"https:\/\/surpasstravel.cl\/surpass\/wp-json\/wp\/v2\/product\/2239","targetHints":{"allow":["GET"]}}],"collection":[{"href":"https:\/\/surpasstravel.cl\/surpass\/wp-json\/wp\/v2\/product"}],"about":[{"href":"https:\/\/surpasstravel.cl\/surpass\/wp-json\/wp\/v2\/types\/product"}],"version-history":[{"count":46,"href":"https:\/\/surpasstravel.cl\/surpass\/wp-json\/wp\/v2\/product\/2239\/revisions"}],"predecessor-version":[{"id":4693,"href":"https:\/\/surpasstravel.cl\/surpass\/wp-json\/wp\/v2\/product\/2239\/revisions\/4693"}],"wp:featuredmedia":[{"embeddable":true,"href":"https:\/\/surpasstravel.cl\/surpass\/wp-json\/wp\/v2\/media\/4520"}],"wp:attachment":[{"href":"https:\/\/surpasstravel.cl\/surpass\/wp-json\/wp\/v2\/media?parent=2239"}],"wp:term":[{"taxonomy":"product_brand","embeddable":true,"href":"https:\/\/surpasstravel.cl\/surpass\/wp-json\/wp\/v2\/product_brand?post=2239"},{"taxonomy":"product_cat","embeddable":true,"href":"https:\/\/surpasstravel.cl\/surpass\/wp-json\/wp\/v2\/product_cat?post=2239"},{"taxonomy":"product_tag","embeddable":true,"href":"https:\/\/surpasstravel.cl\/surpass\/wp-json\/wp\/v2\/product_tag?post=2239"}],"curies":[{"name":"wp","href":"https:\/\/api.w.org\/{rel}","templated":true}]}}