{"id":2231,"date":"2024-10-15T09:04:42","date_gmt":"2024-10-15T12:04:42","guid":{"rendered":"https:\/\/surpasstravel.cl\/surpass\/?post_type=product&#038;p=2231"},"modified":"2026-04-29T16:16:44","modified_gmt":"2026-04-29T19:16:44","slug":"tour-isla-lemuy","status":"publish","type":"product","link":"https:\/\/surpasstravel.cl\/surpass\/producto\/tour-isla-lemuy\/","title":{"rendered":"TOUR FULL DAY- ISLA LEMUY"},"content":{"rendered":"\t\t<div data-elementor-type=\"product-post\" data-elementor-id=\"2231\" class=\"elementor elementor-2231\" data-elementor-post-type=\"product\">\n\t\t\t\t\t\t<section class=\"elementor-section elementor-top-section elementor-element elementor-element-7eb2cc58 elementor-section-boxed elementor-section-height-default elementor-section-height-default\" data-id=\"7eb2cc58\" data-element_type=\"section\" data-settings=\"{&quot;jet_parallax_layout_list&quot;:[]}\">\n\t\t\t\t\t\t<div class=\"elementor-container elementor-column-gap-default\">\n\t\t\t\t\t<div class=\"elementor-column elementor-col-100 elementor-top-column elementor-element elementor-element-356f96ec\" data-id=\"356f96ec\" data-element_type=\"column\">\n\t\t\t<div class=\"elementor-widget-wrap elementor-element-populated\">\n\t\t\t\t\t\t<div class=\"elementor-element elementor-element-176e8b2f elementor-widget elementor-widget-text-editor\" data-id=\"176e8b2f\" data-element_type=\"widget\" data-widget_type=\"text-editor.default\">\n\t\t\t\t<div class=\"elementor-widget-container\">\n\t\t\t\t\t\t\t\t\t<p><strong>Isla Lemuy \u2013 Experiencia Chilota + Almuerzo<\/strong><\/p><p><strong>Vive un d\u00eda inolvidable recorriendo una de las islas m\u00e1s aut\u00e9nticas de Chilo\u00e9 \ud83d\ude4c<\/strong><\/p><p><strong>\u2e3b<\/strong><\/p><p><strong>\ud83d\udccd DESTACADOS DEL TOUR:<\/strong><\/p><p><strong>\u2022\u2060 \u2060Navegaci\u00f3n canal Yal<\/strong><br \/><strong>\u2022\u2060 \u2060Muelle de los Brujos + columpio<\/strong><br \/><strong>\u2022\u2060 \u2060Parque Yayanes \ud83c\udf3f<\/strong><br \/><strong>\u2022\u2060 \u2060Pueblo de Puqueld\u00f3n<\/strong><br \/><strong>\u2022\u2060 \u2060Experiencia en agroturismo (almuerzo)<\/strong><br \/><strong>\u2022\u2060 \u2060\u2060Museo de la acorde\u00f3n <\/strong><br \/><strong>\u2022\u2060 \u2060\u2060Iglesia patrimonial Chonchi<\/strong><\/p><p><strong>\u2e3b<\/strong><\/p><p><strong>\u2728 INCLUYE:<\/strong><\/p><p><strong>\u2714 Transporte ida y regreso<\/strong><br \/><strong>\u2714 Gu\u00eda local<\/strong><br \/><strong>\u2714 Fotograf\u00edas<\/strong><br \/><strong>\u2714 Almuerzo t\u00edpico chilote (cazuela chilota +asado al palo + bebestible)<\/strong><\/p><p><strong>\u2e3b<\/strong><\/p><p><strong>\u23f0 HORARIO:<\/strong><\/p><p><strong>\ud83d\udd59 10:00 a 17:30 hrs<\/strong><br \/><strong>\ud83d\udccd Salida desde Castro<\/strong><\/p><p><strong>\u2e3b<\/strong><\/p><p><strong>\u26a0\ufe0f IMPORTANTE:<\/strong><\/p><p><strong>Incluye todo lo principal para disfrutar la experiencia \ud83d\ude4c<\/strong><br \/><strong>Algunas entradas locales se pagan en destino (~$4.500 aprox.)<\/strong><br \/><strong>Salida con m\u00ednimo 4 pasajeros<\/strong><\/p><p><em><strong>Antes de realizar la compra en nuestra p\u00e1gina web, te pedimos por favor confirmar disponibilidad directamente a nuestro WhatsApp \ud83d\udcf2. De esta manera podemos asegurarte el servicio en la fecha y horario que necesitas.<\/strong><\/em><\/p><p><em><strong>\u00a1Te esperamos para coordinar tu experiencia en Chilo\u00e9! \ud83c\udf3f\ud83d\ude90<\/strong><\/em><\/p>\t\t\t\t\t\t\t\t<\/div>\n\t\t\t\t<\/div>\n\t\t\t\t\t<\/div>\n\t\t<\/div>\n\t\t\t\t\t<\/div>\n\t\t<\/section>\n\t\t\t\t<\/div>\n\t\t","protected":false},"excerpt":{"rendered":"<p>Descubre los Secretos Guardados de Isla Lemuy y vive una experiencia \u00fanica<\/p>\n<p>D\u00e9jate cautivar por paisajes inolvidables y vive la esencia de Chilo\u00e9!<\/p>\n<p><strong>CONSULTA DISPONIBILIDAD DE FECHAS ANTES DEL PAGO!<\/strong><\/p>\n","protected":false},"featured_media":4527,"template":"","meta":[],"product_brand":[],"product_cat":[15,49],"product_tag":[52,53,50,51],"class_list":{"0":"post-2231","1":"product","2":"type-product","3":"status-publish","4":"has-post-thumbnail","6":"product_cat-tourturismo","7":"product_cat-vive-chiloe-tours-y-experiencias","8":"product_tag-isla","9":"product_tag-lemuy","10":"product_tag-tour","11":"product_tag-viajes","13":"first","14":"instock","15":"sale","16":"featured","17":"shipping-taxable","18":"purchasable","19":"product-type-simple"},"_links":{"self":[{"href":"https:\/\/surpasstravel.cl\/surpass\/wp-json\/wp\/v2\/product\/2231","targetHints":{"allow":["GET"]}}],"collection":[{"href":"https:\/\/surpasstravel.cl\/surpass\/wp-json\/wp\/v2\/product"}],"about":[{"href":"https:\/\/surpasstravel.cl\/surpass\/wp-json\/wp\/v2\/types\/product"}],"version-history":[{"count":32,"href":"https:\/\/surpasstravel.cl\/surpass\/wp-json\/wp\/v2\/product\/2231\/revisions"}],"predecessor-version":[{"id":4696,"href":"https:\/\/surpasstravel.cl\/surpass\/wp-json\/wp\/v2\/product\/2231\/revisions\/4696"}],"wp:featuredmedia":[{"embeddable":true,"href":"https:\/\/surpasstravel.cl\/surpass\/wp-json\/wp\/v2\/media\/4527"}],"wp:attachment":[{"href":"https:\/\/surpasstravel.cl\/surpass\/wp-json\/wp\/v2\/media?parent=2231"}],"wp:term":[{"taxonomy":"product_brand","embeddable":true,"href":"https:\/\/surpasstravel.cl\/surpass\/wp-json\/wp\/v2\/product_brand?post=2231"},{"taxonomy":"product_cat","embeddable":true,"href":"https:\/\/surpasstravel.cl\/surpass\/wp-json\/wp\/v2\/product_cat?post=2231"},{"taxonomy":"product_tag","embeddable":true,"href":"https:\/\/surpasstravel.cl\/surpass\/wp-json\/wp\/v2\/product_tag?post=2231"}],"curies":[{"name":"wp","href":"https:\/\/api.w.org\/{rel}","templated":true}]}}