{"id":2698,"date":"2024-10-15T22:56:40","date_gmt":"2024-10-16T01:56:40","guid":{"rendered":"https:\/\/surpasstravel.cl\/surpass\/?page_id=2698"},"modified":"2025-04-29T12:24:09","modified_gmt":"2025-04-29T15:24:09","slug":"transporte-transfer-traslados","status":"publish","type":"page","link":"https:\/\/surpasstravel.cl\/surpass\/transporte-transfer-traslados\/","title":{"rendered":"Servicios Corporativos"},"content":{"rendered":"\t\t<div data-elementor-type=\"wp-page\" data-elementor-id=\"2698\" class=\"elementor elementor-2698\" data-elementor-post-type=\"page\">\n\t\t\t\t\t\t<section class=\"elementor-section elementor-top-section elementor-element elementor-element-5c94eb elementor-section-boxed elementor-section-height-default elementor-section-height-default\" data-id=\"5c94eb\" data-element_type=\"section\" data-settings=\"{&quot;jet_parallax_layout_list&quot;:[],&quot;background_background&quot;:&quot;classic&quot;}\">\n\t\t\t\t\t\t\t<div class=\"elementor-background-overlay\"><\/div>\n\t\t\t\t\t\t\t<div class=\"elementor-container elementor-column-gap-no\">\n\t\t\t\t\t<div class=\"elementor-column elementor-col-100 elementor-top-column elementor-element elementor-element-329aafbe\" data-id=\"329aafbe\" data-element_type=\"column\">\n\t\t\t<div class=\"elementor-widget-wrap elementor-element-populated\">\n\t\t\t\t\t\t<div class=\"elementor-element elementor-element-3563477e elementor-widget elementor-widget-heading\" data-id=\"3563477e\" data-element_type=\"widget\" data-widget_type=\"heading.default\">\n\t\t\t\t<div class=\"elementor-widget-container\">\n\t\t\t\t\t<h2 class=\"elementor-heading-title elementor-size-default\">Vive Nuevas Experiencias<\/h2>\t\t\t\t<\/div>\n\t\t\t\t<\/div>\n\t\t\t\t<div class=\"elementor-element elementor-element-4734f3e0 elementor-widget elementor-widget-text-editor\" data-id=\"4734f3e0\" data-element_type=\"widget\" data-widget_type=\"text-editor.default\">\n\t\t\t\t<div class=\"elementor-widget-container\">\n\t\t\t\t\t\t\t\t\t<p>Explora, siente y crea recuerdos que durar\u00e1n para siempre.<\/p>\t\t\t\t\t\t\t\t<\/div>\n\t\t\t\t<\/div>\n\t\t\t\t\t<\/div>\n\t\t<\/div>\n\t\t\t\t\t<\/div>\n\t\t<\/section>\n\t\t\t\t<section class=\"elementor-section elementor-top-section elementor-element elementor-element-6bc88814 elementor-section-boxed elementor-section-height-default elementor-section-height-default\" data-id=\"6bc88814\" data-element_type=\"section\" data-settings=\"{&quot;jet_parallax_layout_list&quot;:[],&quot;background_background&quot;:&quot;classic&quot;}\">\n\t\t\t\t\t\t\t<div class=\"elementor-background-overlay\"><\/div>\n\t\t\t\t\t\t\t<div class=\"elementor-container elementor-column-gap-default\">\n\t\t\t\t\t<div class=\"elementor-column elementor-col-50 elementor-top-column elementor-element elementor-element-7bedc51b\" data-id=\"7bedc51b\" data-element_type=\"column\">\n\t\t\t<div class=\"elementor-widget-wrap elementor-element-populated\">\n\t\t\t\t\t\t<div class=\"elementor-element elementor-element-7c8888f1 elementor-widget elementor-widget-heading\" data-id=\"7c8888f1\" data-element_type=\"widget\" data-widget_type=\"heading.default\">\n\t\t\t\t<div class=\"elementor-widget-container\">\n\t\t\t\t\t<h2 class=\"elementor-heading-title elementor-size-default\">CONVENIOS<\/h2>\t\t\t\t<\/div>\n\t\t\t\t<\/div>\n\t\t\t\t<div class=\"elementor-element elementor-element-1044df57 elementor-widget elementor-widget-text-editor\" data-id=\"1044df57\" data-element_type=\"widget\" data-widget_type=\"text-editor.default\">\n\t\t\t\t<div class=\"elementor-widget-container\">\n\t\t\t\t\t\t\t\t\t<p>Ofrecemos soluciones personalizadas para empresas, garantizando el traslado seguro y eficiente de tu personal desde el trabajo a sus hogares y viceversa. Aseg\u00farate de que tu equipo llegue a su destino con comodidad y tranquilidad.<\/p>\t\t\t\t\t\t\t\t<\/div>\n\t\t\t\t<\/div>\n\t\t\t\t<div class=\"elementor-element elementor-element-5b7ddd2d elementor-widget elementor-widget-text-editor\" data-id=\"5b7ddd2d\" data-element_type=\"widget\" data-widget_type=\"text-editor.default\">\n\t\t\t\t<div class=\"elementor-widget-container\">\n\t\t\t\t\t\t\t\t\t<p>\u00a1Cont\u00e1ctanos y explora c\u00f3mo nuestros servicios pueden hacer la diferencia!<\/p>\t\t\t\t\t\t\t\t<\/div>\n\t\t\t\t<\/div>\n\t\t\t\t<div class=\"elementor-element elementor-element-24a00a7c elementor-mobile-align-justify elementor-widget elementor-widget-button\" data-id=\"24a00a7c\" data-element_type=\"widget\" data-widget_type=\"button.default\">\n\t\t\t\t<div class=\"elementor-widget-container\">\n\t\t\t\t\t\t\t\t\t<div class=\"elementor-button-wrapper\">\n\t\t\t\t\t<a class=\"elementor-button elementor-button-link elementor-size-sm\" href=\"https:\/\/surpasstravel.cl\/surpass\/contacto\/\" target=\"_blank\">\n\t\t\t\t\t\t<span class=\"elementor-button-content-wrapper\">\n\t\t\t\t\t\t\t\t\t<span class=\"elementor-button-text\">Cont\u00e1ctanos<\/span>\n\t\t\t\t\t<\/span>\n\t\t\t\t\t<\/a>\n\t\t\t\t<\/div>\n\t\t\t\t\t\t\t\t<\/div>\n\t\t\t\t<\/div>\n\t\t\t\t\t<\/div>\n\t\t<\/div>\n\t\t\t\t<div class=\"elementor-column elementor-col-50 elementor-top-column elementor-element elementor-element-27a060da elementor-invisible\" data-id=\"27a060da\" data-element_type=\"column\" data-settings=\"{&quot;background_background&quot;:&quot;classic&quot;,&quot;animation&quot;:&quot;fadeIn&quot;,&quot;animation_delay&quot;:300}\">\n\t\t\t<div class=\"elementor-widget-wrap\">\n\t\t\t\t\t\t\t<\/div>\n\t\t<\/div>\n\t\t\t\t\t<\/div>\n\t\t<\/section>\n\t\t\t\t<section class=\"elementor-section elementor-top-section elementor-element elementor-element-6a2af268 elementor-section-boxed elementor-section-height-default elementor-section-height-default\" data-id=\"6a2af268\" data-element_type=\"section\" data-settings=\"{&quot;jet_parallax_layout_list&quot;:[],&quot;background_background&quot;:&quot;classic&quot;}\">\n\t\t\t\t\t\t\t<div class=\"elementor-background-overlay\"><\/div>\n\t\t\t\t\t\t\t<div class=\"elementor-container elementor-column-gap-default\">\n\t\t\t\t\t<div class=\"elementor-column elementor-col-50 elementor-top-column elementor-element elementor-element-52a5e4cc\" data-id=\"52a5e4cc\" data-element_type=\"column\">\n\t\t\t<div class=\"elementor-widget-wrap\">\n\t\t\t\t\t\t\t<\/div>\n\t\t<\/div>\n\t\t\t\t<div class=\"elementor-column elementor-col-50 elementor-top-column elementor-element elementor-element-10e4b1bd elementor-invisible\" data-id=\"10e4b1bd\" data-element_type=\"column\" data-settings=\"{&quot;background_background&quot;:&quot;classic&quot;,&quot;animation&quot;:&quot;fadeIn&quot;,&quot;animation_delay&quot;:300}\">\n\t\t\t<div class=\"elementor-widget-wrap elementor-element-populated\">\n\t\t\t\t\t\t<div class=\"elementor-element elementor-element-49686340 elementor-widget elementor-widget-heading\" data-id=\"49686340\" data-element_type=\"widget\" data-widget_type=\"heading.default\">\n\t\t\t\t<div class=\"elementor-widget-container\">\n\t\t\t\t\t<h2 class=\"elementor-heading-title elementor-size-default\">TRANSFER AEROPUERTO - HOTELES<\/h2>\t\t\t\t<\/div>\n\t\t\t\t<\/div>\n\t\t\t\t<div class=\"elementor-element elementor-element-152b266b elementor-widget elementor-widget-text-editor\" data-id=\"152b266b\" data-element_type=\"widget\" data-widget_type=\"text-editor.default\">\n\t\t\t\t<div class=\"elementor-widget-container\">\n\t\t\t\t\t\t\t\t\t<p>Te invitamos a viajar con confianza y tranquilidad. Encuentra todo para unas vacaciones inolvidables, con traslados directos del aeropuerto a tu hotel sin complicaciones. Disfruta de transfers privados, con comodidad y atenci\u00f3n personalizada en cada recorrido.<\/p>\t\t\t\t\t\t\t\t<\/div>\n\t\t\t\t<\/div>\n\t\t\t\t<div class=\"elementor-element elementor-element-558abe77 elementor-widget elementor-widget-text-editor\" data-id=\"558abe77\" data-element_type=\"widget\" data-widget_type=\"text-editor.default\">\n\t\t\t\t<div class=\"elementor-widget-container\">\n\t\t\t\t\t\t\t\t\t<p>D\u00e9jate llevar y transforma cada viaje en un momento para recordar.<\/p>\t\t\t\t\t\t\t\t<\/div>\n\t\t\t\t<\/div>\n\t\t\t\t<div class=\"elementor-element elementor-element-2cd17982 elementor-mobile-align-justify elementor-widget elementor-widget-button\" data-id=\"2cd17982\" data-element_type=\"widget\" data-widget_type=\"button.default\">\n\t\t\t\t<div class=\"elementor-widget-container\">\n\t\t\t\t\t\t\t\t\t<div class=\"elementor-button-wrapper\">\n\t\t\t\t\t<a class=\"elementor-button elementor-button-link elementor-size-sm\" href=\"https:\/\/api.whatsapp.com\/send?phone=56940227247\" target=\"_blank\">\n\t\t\t\t\t\t<span class=\"elementor-button-content-wrapper\">\n\t\t\t\t\t\t\t\t\t<span class=\"elementor-button-text\">M\u00e1s Informaci\u00f3n<\/span>\n\t\t\t\t\t<\/span>\n\t\t\t\t\t<\/a>\n\t\t\t\t<\/div>\n\t\t\t\t\t\t\t\t<\/div>\n\t\t\t\t<\/div>\n\t\t\t\t\t<\/div>\n\t\t<\/div>\n\t\t\t\t\t<\/div>\n\t\t<\/section>\n\t\t\t\t<section class=\"elementor-section elementor-top-section elementor-element elementor-element-5b2452e2 elementor-section-boxed elementor-section-height-default elementor-section-height-default\" data-id=\"5b2452e2\" data-element_type=\"section\" data-settings=\"{&quot;jet_parallax_layout_list&quot;:[],&quot;background_background&quot;:&quot;classic&quot;}\">\n\t\t\t\t\t\t\t<div class=\"elementor-background-overlay\"><\/div>\n\t\t\t\t\t\t\t<div class=\"elementor-container elementor-column-gap-default\">\n\t\t\t\t\t<div class=\"elementor-column elementor-col-50 elementor-top-column elementor-element elementor-element-33ed7d63\" data-id=\"33ed7d63\" data-element_type=\"column\">\n\t\t\t<div class=\"elementor-widget-wrap elementor-element-populated\">\n\t\t\t\t\t\t<div class=\"elementor-element elementor-element-382730ce elementor-widget elementor-widget-heading\" data-id=\"382730ce\" data-element_type=\"widget\" data-widget_type=\"heading.default\">\n\t\t\t\t<div class=\"elementor-widget-container\">\n\t\t\t\t\t<h2 class=\"elementor-heading-title elementor-size-default\">TRASLADOS ESPECIALES<\/h2>\t\t\t\t<\/div>\n\t\t\t\t<\/div>\n\t\t\t\t<div class=\"elementor-element elementor-element-6208d0f4 elementor-widget elementor-widget-text-editor\" data-id=\"6208d0f4\" data-element_type=\"widget\" data-widget_type=\"text-editor.default\">\n\t\t\t\t<div class=\"elementor-widget-container\">\n\t\t\t\t\t\t\t\t\t<p>Emb\u00e1rcate en una experiencia \u00fanica con nuestro servicio de transporte privado, ideal para viajes memorables. Ya sea que formes parte de un equipo corporativo, estudiantil, deportivo o cualquier delegaci\u00f3n, te garantizamos un trayecto c\u00f3modo, confiable y lleno de detalles que te permitir\u00e1n disfrutar sin preocupaciones.<\/p>\t\t\t\t\t\t\t\t<\/div>\n\t\t\t\t<\/div>\n\t\t\t\t<div class=\"elementor-element elementor-element-189b658 elementor-widget elementor-widget-text-editor\" data-id=\"189b658\" data-element_type=\"widget\" data-widget_type=\"text-editor.default\">\n\t\t\t\t<div class=\"elementor-widget-container\">\n\t\t\t\t\t\t\t\t\t<p>Conf\u00eda en nosotros para hacer de cada viaje un momento especial.<\/p>\t\t\t\t\t\t\t\t<\/div>\n\t\t\t\t<\/div>\n\t\t\t\t<div class=\"elementor-element elementor-element-1794d9e6 elementor-mobile-align-justify elementor-widget elementor-widget-button\" data-id=\"1794d9e6\" data-element_type=\"widget\" data-widget_type=\"button.default\">\n\t\t\t\t<div class=\"elementor-widget-container\">\n\t\t\t\t\t\t\t\t\t<div class=\"elementor-button-wrapper\">\n\t\t\t\t\t<a class=\"elementor-button elementor-button-link elementor-size-sm\" href=\"https:\/\/surpasstravel.cl\/surpass\/contacto\/\" target=\"_blank\">\n\t\t\t\t\t\t<span class=\"elementor-button-content-wrapper\">\n\t\t\t\t\t\t\t\t\t<span class=\"elementor-button-text\">Cont\u00e1ctanos<\/span>\n\t\t\t\t\t<\/span>\n\t\t\t\t\t<\/a>\n\t\t\t\t<\/div>\n\t\t\t\t\t\t\t\t<\/div>\n\t\t\t\t<\/div>\n\t\t\t\t\t<\/div>\n\t\t<\/div>\n\t\t\t\t<div class=\"elementor-column elementor-col-50 elementor-top-column elementor-element elementor-element-1da5ab47 elementor-invisible\" data-id=\"1da5ab47\" data-element_type=\"column\" data-settings=\"{&quot;background_background&quot;:&quot;classic&quot;,&quot;animation&quot;:&quot;fadeIn&quot;,&quot;animation_delay&quot;:300}\">\n\t\t\t<div class=\"elementor-widget-wrap\">\n\t\t\t\t\t\t\t<\/div>\n\t\t<\/div>\n\t\t\t\t\t<\/div>\n\t\t<\/section>\n\t\t\t\t<section class=\"elementor-section elementor-top-section elementor-element elementor-element-21a079d2 elementor-section-full_width elementor-section-content-bottom elementor-section-height-default elementor-section-height-default\" data-id=\"21a079d2\" data-element_type=\"section\" data-settings=\"{&quot;jet_parallax_layout_list&quot;:[]}\">\n\t\t\t\t\t\t<div class=\"elementor-container elementor-column-gap-no\">\n\t\t\t\t\t<div class=\"elementor-column elementor-col-100 elementor-top-column elementor-element elementor-element-6d175794\" data-id=\"6d175794\" data-element_type=\"column\">\n\t\t\t<div class=\"elementor-widget-wrap elementor-element-populated\">\n\t\t\t\t\t\t<div class=\"elementor-element elementor-element-55ba397c elementor-widget elementor-widget-image\" data-id=\"55ba397c\" data-element_type=\"widget\" data-widget_type=\"image.default\">\n\t\t\t\t<div class=\"elementor-widget-container\">\n\t\t\t\t\t\t\t\t\t\t\t\t\t\t\t<img fetchpriority=\"high\" decoding=\"async\" width=\"1920\" height=\"424\" src=\"https:\/\/surpasstravel.cl\/surpass\/wp-content\/uploads\/2023\/11\/slide_silueta_montana_1_surpass_turismo.png\" class=\"attachment-full size-full wp-image-2195\" alt=\"\" srcset=\"https:\/\/surpasstravel.cl\/surpass\/wp-content\/uploads\/2023\/11\/slide_silueta_montana_1_surpass_turismo.png 1920w, https:\/\/surpasstravel.cl\/surpass\/wp-content\/uploads\/2023\/11\/slide_silueta_montana_1_surpass_turismo-300x66.png 300w, https:\/\/surpasstravel.cl\/surpass\/wp-content\/uploads\/2023\/11\/slide_silueta_montana_1_surpass_turismo-1024x226.png 1024w, https:\/\/surpasstravel.cl\/surpass\/wp-content\/uploads\/2023\/11\/slide_silueta_montana_1_surpass_turismo-768x170.png 768w, https:\/\/surpasstravel.cl\/surpass\/wp-content\/uploads\/2023\/11\/slide_silueta_montana_1_surpass_turismo-1536x339.png 1536w, https:\/\/surpasstravel.cl\/surpass\/wp-content\/uploads\/2023\/11\/slide_silueta_montana_1_surpass_turismo-600x133.png 600w\" sizes=\"(max-width: 1920px) 100vw, 1920px\" \/>\t\t\t\t\t\t\t\t\t\t\t\t\t\t\t<\/div>\n\t\t\t\t<\/div>\n\t\t\t\t<div class=\"elementor-element elementor-element-59ce37c elementor-widget elementor-widget-image\" data-id=\"59ce37c\" data-element_type=\"widget\" data-widget_type=\"image.default\">\n\t\t\t\t<div class=\"elementor-widget-container\">\n\t\t\t\t\t\t\t\t\t\t\t\t\t\t\t<img decoding=\"async\" width=\"1920\" height=\"194\" src=\"https:\/\/surpasstravel.cl\/surpass\/wp-content\/uploads\/2024\/10\/Franja-Negra.jpg\" class=\"attachment-full size-full wp-image-3690\" alt=\"\" srcset=\"https:\/\/surpasstravel.cl\/surpass\/wp-content\/uploads\/2024\/10\/Franja-Negra.jpg 1920w, https:\/\/surpasstravel.cl\/surpass\/wp-content\/uploads\/2024\/10\/Franja-Negra-300x30.jpg 300w, https:\/\/surpasstravel.cl\/surpass\/wp-content\/uploads\/2024\/10\/Franja-Negra-1024x103.jpg 1024w, https:\/\/surpasstravel.cl\/surpass\/wp-content\/uploads\/2024\/10\/Franja-Negra-768x78.jpg 768w, https:\/\/surpasstravel.cl\/surpass\/wp-content\/uploads\/2024\/10\/Franja-Negra-1536x155.jpg 1536w, https:\/\/surpasstravel.cl\/surpass\/wp-content\/uploads\/2024\/10\/Franja-Negra-600x61.jpg 600w\" sizes=\"(max-width: 1920px) 100vw, 1920px\" \/>\t\t\t\t\t\t\t\t\t\t\t\t\t\t\t<\/div>\n\t\t\t\t<\/div>\n\t\t\t\t\t<\/div>\n\t\t<\/div>\n\t\t\t\t\t<\/div>\n\t\t<\/section>\n\t\t\t\t<\/div>\n\t\t","protected":false},"excerpt":{"rendered":"<p>Vive Nuevas Experiencias Explora, siente y crea recuerdos que durar\u00e1n para siempre. CONVENIOS Ofrecemos soluciones personalizadas para empresas, garantizando el traslado seguro y eficiente de tu personal desde el trabajo a sus hogares y viceversa. Aseg\u00farate de que tu equipo llegue a su destino con comodidad y tranquilidad. \u00a1Cont\u00e1ctanos y explora c\u00f3mo nuestros servicios pueden [&hellip;]<\/p>\n","protected":false},"author":1,"featured_media":0,"parent":0,"menu_order":0,"comment_status":"closed","ping_status":"closed","template":"","meta":{"footnotes":""},"class_list":["post-2698","page","type-page","status-publish","hentry"],"_links":{"self":[{"href":"https:\/\/surpasstravel.cl\/surpass\/wp-json\/wp\/v2\/pages\/2698","targetHints":{"allow":["GET"]}}],"collection":[{"href":"https:\/\/surpasstravel.cl\/surpass\/wp-json\/wp\/v2\/pages"}],"about":[{"href":"https:\/\/surpasstravel.cl\/surpass\/wp-json\/wp\/v2\/types\/page"}],"author":[{"embeddable":true,"href":"https:\/\/surpasstravel.cl\/surpass\/wp-json\/wp\/v2\/users\/1"}],"replies":[{"embeddable":true,"href":"https:\/\/surpasstravel.cl\/surpass\/wp-json\/wp\/v2\/comments?post=2698"}],"version-history":[{"count":215,"href":"https:\/\/surpasstravel.cl\/surpass\/wp-json\/wp\/v2\/pages\/2698\/revisions"}],"predecessor-version":[{"id":4276,"href":"https:\/\/surpasstravel.cl\/surpass\/wp-json\/wp\/v2\/pages\/2698\/revisions\/4276"}],"wp:attachment":[{"href":"https:\/\/surpasstravel.cl\/surpass\/wp-json\/wp\/v2\/media?parent=2698"}],"curies":[{"name":"wp","href":"https:\/\/api.w.org\/{rel}","templated":true}]}}